{"id":58,"date":"2022-09-22T12:12:08","date_gmt":"2022-09-22T10:12:08","guid":{"rendered":"https:\/\/sinisoundi.fi\/?page_id=58"},"modified":"2022-10-17T17:58:58","modified_gmt":"2022-10-17T15:58:58","slug":"sini","status":"publish","type":"page","link":"https:\/\/sinisoundi.fi\/?page_id=58","title":{"rendered":"Sini"},"content":{"rendered":"\n<div class=\"wp-block-columns is-layout-flex wp-container-core-columns-is-layout-9d6595d7 wp-block-columns-is-layout-flex\">\n<div class=\"wp-block-column is-layout-flow wp-block-column-is-layout-flow\">\n<div class=\"wp-block-columns is-layout-flex wp-container-core-columns-is-layout-9d6595d7 wp-block-columns-is-layout-flex\">\n<div class=\"wp-block-column is-layout-flow wp-block-column-is-layout-flow\" style=\"flex-basis:33.33%\">\n<figure class=\"wp-block-image size-large\"><img loading=\"lazy\" decoding=\"async\" width=\"664\" height=\"1024\" src=\"https:\/\/sinisoundi.fi\/wp-content\/uploads\/2022\/09\/sini-12-664x1024.jpg\" alt=\"\" class=\"wp-image-118\" srcset=\"https:\/\/sinisoundi.fi\/wp-content\/uploads\/2022\/09\/sini-12-664x1024.jpg 664w, https:\/\/sinisoundi.fi\/wp-content\/uploads\/2022\/09\/sini-12-194x300.jpg 194w, https:\/\/sinisoundi.fi\/wp-content\/uploads\/2022\/09\/sini-12-768x1185.jpg 768w, https:\/\/sinisoundi.fi\/wp-content\/uploads\/2022\/09\/sini-12.jpg 972w\" sizes=\"auto, (max-width: 664px) 100vw, 664px\" \/><\/figure>\n<\/div>\n\n\n\n<div class=\"wp-block-column is-layout-flow wp-block-column-is-layout-flow\" style=\"flex-basis:66.66%\">\n<p>Olen Sini, musiikkiterapeutti ja teen musiikkiterapiaa Kuopiossa. Kerron sinulle hiukan itsest\u00e4ni ja suhteestani musiikkiin. Musiikki on ollut minulle merkityksellist\u00e4 niin kauan kuin muistan. Musiikin olemassaolo on ollut oikeastaan itsest\u00e4\u00e4n selvyys l\u00e4pi el\u00e4m\u00e4n. Musiikki on pysynyt rinnallani aina, vain tyylilajit ovat vaihdelleet el\u00e4m\u00e4ntilanteesta riippuen. Viime aikoina my\u00f6s se, ett\u00e4 v\u00e4lill\u00e4 on hiljaista ja rauhallista, on t\u00e4rke\u00e4\u00e4. On annettava sielun lev\u00e4t\u00e4 ja palautua maailman melskeest\u00e4.<\/p>\n\n\n\n<p>Itselleni musiikki on ollut jokinlainen itseilmaisun v\u00e4line, jolla olen kertonut, kuka olen ja mit\u00e4 haluaisin maailmalle sanoa. On ollut aikoja, jolloin suhde musiikkiin on ollut ristiriitainen ja suorittava. Nykyisin suhde on enenev\u00e4ss\u00e4 m\u00e4\u00e4rin iloa, ihmetyst\u00e4 ja nautintoa tuottava.<\/p>\n\n\n\n<p>Hoitajakoulutukseni aikana tutustuin musiikkiterapiaan ja innostuin asiasta niin paljon, ett\u00e4 hain opiskelemaan musiikkiterapiaa. <\/p>\n<\/div>\n<\/div>\n<\/div>\n<\/div>\n\n\n\n<p>Opiskeluni aikana minua kiinnosti erityisesti, miksi ihmiset haluavat olla yhteydess\u00e4 luovuuteen ja taiteeseen. Voisi ajatella, ett\u00e4 se on synnynn\u00e4ist\u00e4, koska kaiken takana on tuo ihmeellinen kehitys. Pieni vauva aistii ihmeellist\u00e4 maailmaa ja alkaa pikku hiljaa tutkimaan sit\u00e4. Jostain sielt\u00e4 vauva-aikaisesta kehittyy halu olla kontaktissa ymp\u00e4r\u00f6iv\u00e4\u00e4n maailmaan ja halu leikki\u00e4. N\u00e4ist\u00e4 aineksista syntyy my\u00f6s taide, kokeilun ja ihmettelyn halusta, halusta saada yhteys, halusta saada jotain sis\u00e4ist\u00e4 ulkoiseksi, halusta tulla n\u00e4hdyksi ja kuulluksi.<\/p>\n\n\n\n<p>N\u00e4it\u00e4 asioita olen ihmetellyt ty\u00f6skennelless\u00e4ni niin teatterissa kuin Alexander-tekniikan parissa. Musiikkiterapian maailma on kuitenkin kaikkein rakkain, koska sen syd\u00e4n on niin lempe\u00e4, salliva ja hoitava.\u00a0<\/p>\n\n\n\n<p>Koulutus:<\/p>\n\n\n\n<p>&#8211; lasten sairaanhoitaja, Tampereen terveydenhuollon oppilaitos 1996<\/p>\n\n\n\n<p>&#8211; musiikkiterapeutti, Pirkanmaan ammattikorkeakoulu 2000<\/p>\n\n\n\n<p>&#8211; teatteri-ilmaisun ohjaaja, Turun ammattikorkeakoulu 2004<\/p>\n\n\n\n<p>&#8211; Alexander-tekniikan opettaja, Kuopion Alexander-tekniikan opettajakoulu, 2018<\/p>\n\n\n\n<p>&#8211; psykologian perusopinnot, It\u00e4-Suomen yliopisto, avoin yliopisto 2020-<br><\/p>\n\n\n\n<p>Osallistun aktiivisesti Suomen musiikkiterapiayhdistyksen j\u00e4rjest\u00e4miin koulutuksiin.<br><br><br>Jos koet, ett\u00e4 voisit saada helpotusta oloosi ja k\u00e4sitell\u00e4 asioita musiikkiterapian avulla, otathan rohkeasti yhteytt\u00e4.&nbsp;<\/p>\n\n\n\n<p><\/p>\n","protected":false},"excerpt":{"rendered":"<p>Olen Sini, musiikkiterapeutti ja teen musiikkiterapiaa Kuopiossa. Kerron sinulle hiukan itsest\u00e4ni ja suhteestani musiikkiin. Musiikki on ollut minulle merkityksellist\u00e4 niin kauan kuin muistan. Musiikin olemassaolo on ollut oikeastaan itsest\u00e4\u00e4n selvyys l\u00e4pi el\u00e4m\u00e4n. Musiikki on pysynyt rinnallani aina, vain tyylilajit ovat vaihdelleet el\u00e4m\u00e4ntilanteesta riippuen. Viime aikoina my\u00f6s se, ett\u00e4 v\u00e4lill\u00e4 on hiljaista ja rauhallista, on t\u00e4rke\u00e4\u00e4. <a class=\"read-more\" href=\"https:\/\/sinisoundi.fi\/?page_id=58\">READ MORE<\/a><\/p>\n","protected":false},"author":1,"featured_media":0,"parent":0,"menu_order":0,"comment_status":"closed","ping_status":"closed","template":"","meta":{"footnotes":""},"class_list":["post-58","page","type-page","status-publish","hentry"],"_links":{"self":[{"href":"https:\/\/sinisoundi.fi\/index.php?rest_route=\/wp\/v2\/pages\/58","targetHints":{"allow":["GET"]}}],"collection":[{"href":"https:\/\/sinisoundi.fi\/index.php?rest_route=\/wp\/v2\/pages"}],"about":[{"href":"https:\/\/sinisoundi.fi\/index.php?rest_route=\/wp\/v2\/types\/page"}],"author":[{"embeddable":true,"href":"https:\/\/sinisoundi.fi\/index.php?rest_route=\/wp\/v2\/users\/1"}],"replies":[{"embeddable":true,"href":"https:\/\/sinisoundi.fi\/index.php?rest_route=%2Fwp%2Fv2%2Fcomments&post=58"}],"version-history":[{"count":34,"href":"https:\/\/sinisoundi.fi\/index.php?rest_route=\/wp\/v2\/pages\/58\/revisions"}],"predecessor-version":[{"id":201,"href":"https:\/\/sinisoundi.fi\/index.php?rest_route=\/wp\/v2\/pages\/58\/revisions\/201"}],"wp:attachment":[{"href":"https:\/\/sinisoundi.fi\/index.php?rest_route=%2Fwp%2Fv2%2Fmedia&parent=58"}],"curies":[{"name":"wp","href":"https:\/\/api.w.org\/{rel}","templated":true}]}}