{"id":20,"date":"2022-09-22T07:25:30","date_gmt":"2022-09-22T07:25:30","guid":{"rendered":"https:\/\/sinisoundi.fi\/?page_id=20"},"modified":"2022-11-15T13:29:21","modified_gmt":"2022-11-15T11:29:21","slug":"musiikkiterapia","status":"publish","type":"page","link":"https:\/\/sinisoundi.fi\/?page_id=20","title":{"rendered":"Musiikkiterapia"},"content":{"rendered":"\n<p>Mit\u00e4 on musiikkiterapia?<\/p>\n\n\n\n<p>Meill\u00e4 ihmisill\u00e4 on tarve olle yhteydess\u00e4 luovuuteemme. Luovuus voi ilmet\u00e4 esimerkiksi lauluina, kirjoituksina, kuvina, liikkein\u00e4, musiikkina. Luovuus on oman olemassa olon n\u00e4kyv\u00e4ksi tekemist\u00e4. Musiikkiterapiaistunto on luova prosessi, jossa asiakkaalta ei edellytet\u00e4 musiikillisia taitoja. Musiikki on v\u00e4line, ei itsetarkoitus. Musiikki terapian v\u00e4lineen\u00e4 on keskeinen ajatus tai teema musiikkiterapiassa. Tarkoitus ei ole olla hyv\u00e4 soittaja tai laulaja, vaan musiikkiterapian tarkoitus on olla jotain syvemp\u00e4\u00e4, herkemp\u00e4\u00e4 ja ihmisen ainutlaatuiseen olemassaoloon liittyv\u00e4\u00e4.&nbsp; Musiikkiterapian menetelmi\u00e4 ovat mm. musiikin kuuntelu, laulaminen, soittaminen, improvisointi, liikkuminen musiikin mukaan, omien tunteiden sanoittaminen esimerkiksi tekstin\u00e4 tai runoina, musiikin maalaaminen kuvina ja fysioakustinen hoito. Musiikkiterapia soveltuu kaikenik\u00e4isille ihmisille.<\/p>\n\n\n\n<p>Musiikkiterapia perustuu tieteelliseen tutkimukseen. Musiikkiterapiassa musiikin eri elementtej\u00e4 &#8211; melodia, harmonia, rytmi, \u00e4\u00e4ni, dynamiikka &#8211; k\u00e4ytet\u00e4\u00e4n vuorovaikutuksen keskeisen\u00e4 v\u00e4lineen\u00e4 yksil\u00f6llisesti asetettujen tavoitteiden saavuttamiseksi. Musiikkiterapialla voidaan saavuttaa my\u00f6nteisi\u00e4 tuloksia psyykkisten, fyysisten, neurologisten ja sosiaalisten oireiden ja sairauksien hoidossa.<\/p>\n\n\n\n<p>Musiikkiterapiaan p\u00e4\u00e4see julkisen terveydenhuollon kautta, yksityisl\u00e4\u00e4k\u00e4rin l\u00e4hetteell\u00e4 tai olemalla yhteydess\u00e4 suoraan terapeuttiin. Kelan palveluntuottajana Musiikkiterapia Sinisoundi tarjoaa kuntoutuspsykoterapiaa 16-25 -vuotiaille nuorille ja nuorille aikuisille. T\u00e4llaisen terapian aloittamiseen tarvitaan l\u00e4\u00e4k\u00e4rin l\u00e4hete. <\/p>\n\n\n\n<p>Musiikkiterapia Sinisoundiin voi tulla yksityisesti itsemaksavana asiakkaana i\u00e4st\u00e4 riippumatta.<br><br><a href=\"https:\/\/sinisoundi.fi\/?page_id=163\">Mit\u00e4 on kuntoutuspsykoterapia >>><\/a><\/p>\n\n\n\n<p><br>N\u00e4iden sivujen m\u00e4\u00e4ritelm\u00e4t musiikkiterapiasta l\u00f6ytyv\u00e4t <a rel=\"noreferrer noopener\" href=\"https:\/\/musiikkiterapia.net\/index.php\/mita-musiikkiterapia\" target=\"_blank\">Suomen musiikkiterapiayhdistyksen sivuilta &gt;&gt;&gt;<\/a><\/p>\n","protected":false},"excerpt":{"rendered":"<p>Mit\u00e4 on musiikkiterapia? Meill\u00e4 ihmisill\u00e4 on tarve olle yhteydess\u00e4 luovuuteemme. Luovuus voi ilmet\u00e4 esimerkiksi lauluina, kirjoituksina, kuvina, liikkein\u00e4, musiikkina. Luovuus on oman olemassa olon n\u00e4kyv\u00e4ksi tekemist\u00e4. Musiikkiterapiaistunto on luova prosessi, jossa asiakkaalta ei edellytet\u00e4 musiikillisia taitoja. Musiikki on v\u00e4line, ei itsetarkoitus. Musiikki terapian v\u00e4lineen\u00e4 on keskeinen ajatus tai teema musiikkiterapiassa. Tarkoitus ei ole olla hyv\u00e4 <a class=\"read-more\" href=\"https:\/\/sinisoundi.fi\/?page_id=20\">READ MORE<\/a><\/p>\n","protected":false},"author":1,"featured_media":0,"parent":0,"menu_order":0,"comment_status":"closed","ping_status":"closed","template":"","meta":{"footnotes":""},"class_list":["post-20","page","type-page","status-publish","hentry"],"_links":{"self":[{"href":"https:\/\/sinisoundi.fi\/index.php?rest_route=\/wp\/v2\/pages\/20","targetHints":{"allow":["GET"]}}],"collection":[{"href":"https:\/\/sinisoundi.fi\/index.php?rest_route=\/wp\/v2\/pages"}],"about":[{"href":"https:\/\/sinisoundi.fi\/index.php?rest_route=\/wp\/v2\/types\/page"}],"author":[{"embeddable":true,"href":"https:\/\/sinisoundi.fi\/index.php?rest_route=\/wp\/v2\/users\/1"}],"replies":[{"embeddable":true,"href":"https:\/\/sinisoundi.fi\/index.php?rest_route=%2Fwp%2Fv2%2Fcomments&post=20"}],"version-history":[{"count":35,"href":"https:\/\/sinisoundi.fi\/index.php?rest_route=\/wp\/v2\/pages\/20\/revisions"}],"predecessor-version":[{"id":232,"href":"https:\/\/sinisoundi.fi\/index.php?rest_route=\/wp\/v2\/pages\/20\/revisions\/232"}],"wp:attachment":[{"href":"https:\/\/sinisoundi.fi\/index.php?rest_route=%2Fwp%2Fv2%2Fmedia&parent=20"}],"curies":[{"name":"wp","href":"https:\/\/api.w.org\/{rel}","templated":true}]}}